{"id":8962,"date":"2023-03-17T22:38:41","date_gmt":"2023-03-17T22:38:41","guid":{"rendered":"https:\/\/ladycosmetics.cl\/?post_type=product&#038;p=8962"},"modified":"2023-03-17T22:51:34","modified_gmt":"2023-03-17T22:51:34","slug":"serum-dragon-blood","status":"publish","type":"product","link":"https:\/\/ladycosmetics.cl\/index.php\/producto\/serum-dragon-blood\/","title":{"rendered":"Serum Dragon Blood"},"content":{"rendered":"","protected":false},"excerpt":{"rendered":"<p>Antioxidante, antis\u00e9ptico, antimicrobiano, antiinflamatorio. Ayuda a la producci\u00f3n de Col\u00e1geno.<\/p>\n<p>Potente f\u00f3rmula con niacinamida y hialuronato de sodio.<\/p>\n<p>Contenido 30 ML<\/p>\n","protected":false},"featured_media":8963,"template":"","meta":[],"product_cat":[42,63],"product_tag":[],"acf":[],"_links":{"self":[{"href":"https:\/\/ladycosmetics.cl\/index.php\/wp-json\/wp\/v2\/product\/8962"}],"collection":[{"href":"https:\/\/ladycosmetics.cl\/index.php\/wp-json\/wp\/v2\/product"}],"about":[{"href":"https:\/\/ladycosmetics.cl\/index.php\/wp-json\/wp\/v2\/types\/product"}],"wp:featuredmedia":[{"embeddable":true,"href":"https:\/\/ladycosmetics.cl\/index.php\/wp-json\/wp\/v2\/media\/8963"}],"wp:attachment":[{"href":"https:\/\/ladycosmetics.cl\/index.php\/wp-json\/wp\/v2\/media?parent=8962"}],"wp:term":[{"taxonomy":"product_cat","embeddable":true,"href":"https:\/\/ladycosmetics.cl\/index.php\/wp-json\/wp\/v2\/product_cat?post=8962"},{"taxonomy":"product_tag","embeddable":true,"href":"https:\/\/ladycosmetics.cl\/index.php\/wp-json\/wp\/v2\/product_tag?post=8962"}],"curies":[{"name":"wp","href":"https:\/\/api.w.org\/{rel}","templated":true}]}}