{"id":8189,"date":"2021-09-13T22:20:36","date_gmt":"2021-09-13T22:20:36","guid":{"rendered":"http:\/\/ladycosmetics.srtv.cl\/?post_type=product&#038;p=8189"},"modified":"2025-02-01T00:01:54","modified_gmt":"2025-02-01T00:01:54","slug":"liner-azul-crzy","status":"publish","type":"product","link":"https:\/\/ladycosmetics.cl\/index.php\/producto\/liner-azul-crzy\/","title":{"rendered":"Liner Azul Crzy"},"content":{"rendered":"<p>L\u00e1piz delineador de ojos l\u00edquido con punta de fieltro de alta precisi\u00f3n. Su punta es flexible y f\u00e1cil de usar, se desliza suavemente con una pigmentaci\u00f3n intensa, en un solo golpe sin saltos ni tirones.<\/p>\n<p>Puede ser utilizado para un delineado delgado a grueso, desde un ala elegante hasta un ojo de gato completo, te fortalecer\u00e1 y no te defraudar\u00e1. Encuentra en el, un aspecto elegante todo el d\u00eda,\u00a0 es resistente, no se mancha y no se corre.<\/p>\n<p>Color: Azul.<\/p>\n<p>PESO NETO 0.019 fl.oz. (0,55 ml)<\/p>\n","protected":false},"excerpt":{"rendered":"<p>L\u00e1piz delineador de ojos l\u00edquido con punta de fieltro de alta precisi\u00f3n. Su punta es flexible y f\u00e1cil de usar, se desliza suavemente con una pigmentaci\u00f3n intensa, en un solo golpe sin saltos ni tirones. Puede ser utilizado para un delineado delgado a grueso, desde un ala elegante hasta un ojo de gato completo, te&#8230;<\/p>\n","protected":false},"featured_media":8168,"template":"","meta":[],"product_cat":[41,45],"product_tag":[],"acf":[],"_links":{"self":[{"href":"https:\/\/ladycosmetics.cl\/index.php\/wp-json\/wp\/v2\/product\/8189"}],"collection":[{"href":"https:\/\/ladycosmetics.cl\/index.php\/wp-json\/wp\/v2\/product"}],"about":[{"href":"https:\/\/ladycosmetics.cl\/index.php\/wp-json\/wp\/v2\/types\/product"}],"wp:featuredmedia":[{"embeddable":true,"href":"https:\/\/ladycosmetics.cl\/index.php\/wp-json\/wp\/v2\/media\/8168"}],"wp:attachment":[{"href":"https:\/\/ladycosmetics.cl\/index.php\/wp-json\/wp\/v2\/media?parent=8189"}],"wp:term":[{"taxonomy":"product_cat","embeddable":true,"href":"https:\/\/ladycosmetics.cl\/index.php\/wp-json\/wp\/v2\/product_cat?post=8189"},{"taxonomy":"product_tag","embeddable":true,"href":"https:\/\/ladycosmetics.cl\/index.php\/wp-json\/wp\/v2\/product_tag?post=8189"}],"curies":[{"name":"wp","href":"https:\/\/api.w.org\/{rel}","templated":true}]}}