{"id":8036,"date":"2021-08-30T14:47:12","date_gmt":"2021-08-30T14:47:12","guid":{"rendered":"http:\/\/ladycosmetics.srtv.cl\/?post_type=product&#038;p=8036"},"modified":"2024-12-08T00:00:34","modified_gmt":"2024-12-08T00:00:34","slug":"electric-eyerlash-curler","status":"publish","type":"product","link":"https:\/\/ladycosmetics.cl\/index.php\/producto\/electric-eyerlash-curler\/","title":{"rendered":"Electric eyelash curler"},"content":{"rendered":"<p>Es una alternativa f\u00e1cil y segura de rizar tus pesta\u00f1as sin da\u00f1arlas. Incluye tres niveles de temperatura.<\/p>\n<p>Recargable con cable USB. Se puede utilizar antes y despu\u00e9s de la m\u00e1scara de pesta\u00f1as para otorgar un buen acabado.<\/p>\n<p>Ideal para un rizado duradero.<\/p>\n","protected":false},"excerpt":{"rendered":"<p>Es una alternativa f\u00e1cil y segura de rizar tus pesta\u00f1as sin da\u00f1arlas. Incluye tres niveles de temperatura. Recargable con cable USB. Se puede utilizar antes y despu\u00e9s de la m\u00e1scara de pesta\u00f1as para otorgar un buen acabado. Ideal para un rizado duradero.<\/p>\n","protected":false},"featured_media":8071,"template":"","meta":[],"product_cat":[41,46],"product_tag":[],"acf":[],"_links":{"self":[{"href":"https:\/\/ladycosmetics.cl\/index.php\/wp-json\/wp\/v2\/product\/8036"}],"collection":[{"href":"https:\/\/ladycosmetics.cl\/index.php\/wp-json\/wp\/v2\/product"}],"about":[{"href":"https:\/\/ladycosmetics.cl\/index.php\/wp-json\/wp\/v2\/types\/product"}],"wp:featuredmedia":[{"embeddable":true,"href":"https:\/\/ladycosmetics.cl\/index.php\/wp-json\/wp\/v2\/media\/8071"}],"wp:attachment":[{"href":"https:\/\/ladycosmetics.cl\/index.php\/wp-json\/wp\/v2\/media?parent=8036"}],"wp:term":[{"taxonomy":"product_cat","embeddable":true,"href":"https:\/\/ladycosmetics.cl\/index.php\/wp-json\/wp\/v2\/product_cat?post=8036"},{"taxonomy":"product_tag","embeddable":true,"href":"https:\/\/ladycosmetics.cl\/index.php\/wp-json\/wp\/v2\/product_tag?post=8036"}],"curies":[{"name":"wp","href":"https:\/\/api.w.org\/{rel}","templated":true}]}}