{"id":7982,"date":"2021-08-27T20:45:31","date_gmt":"2021-08-27T20:45:31","guid":{"rendered":"http:\/\/ladycosmetics.srtv.cl\/?post_type=product&#038;p=7982"},"modified":"2025-04-01T00:01:27","modified_gmt":"2025-04-01T00:01:27","slug":"mascarilla-sleep-pure-silk","status":"publish","type":"product","link":"https:\/\/ladycosmetics.cl\/index.php\/producto\/mascarilla-sleep-pure-silk\/","title":{"rendered":"Mascarilla Sleep Pure Silk"},"content":{"rendered":"<p>Pasamos la tercera parte de nuestras vidas en la cama. As\u00ed que, \u00bfqu\u00e9 podr\u00eda ser mejor que dormir sobre una funda de seda pura que previene el envejecimiento, las arrugas faciales y conserva tu peinado? Usando al mismo tiempo una lujosa mascarilla Sleep Pure Silk, una Sleep Mask para dormir pl\u00e1cidamente y sin interrupci\u00f3n. Especialmente encargada y elaborada conforme a normas precisas del sue\u00f1o, sleep silk ha sido desarrollada y perfeccionada durante m\u00e1s de 10 a\u00f1os para proporcionar la combinaci\u00f3n perfecta de brillo, calibre, suavidad y durabilidad.<\/p>\n<p>Conoce los detalles:<\/p>\n<p>En NEGRO.<\/p>\n<p>100% seda de momme 19<\/p>\n<p>Tintes no t\u00f3xicos<\/p>\n<p>Cinta el\u00e1stica cubierta con seda<\/p>\n<p>N\u00ba art\u00edculo SLEEP- BLACK<\/p>\n<p>\u00bfC\u00d3MO UTILIZAR?<\/p>\n<ul>\n<li>Usar hasta ocho horas al d\u00eda para obtener m\u00e1ximos resultados<\/li>\n<li>Lavar a mano con agua fr\u00eda<\/li>\n<\/ul>\n<p>Usar un detergente l\u00edquido con pH neutro y\/o suavizante<\/p>\n","protected":false},"excerpt":{"rendered":"<p>Pasamos la tercera parte de nuestras vidas en la cama. As\u00ed que, \u00bfqu\u00e9 podr\u00eda ser mejor que dormir sobre una funda de seda pura que previene el envejecimiento, las arrugas faciales y conserva tu peinado? Usando al mismo tiempo una lujosa mascarilla Sleep Pure Silk, una Sleep Mask para dormir pl\u00e1cidamente y sin interrupci\u00f3n. Especialmente&#8230;<\/p>\n","protected":false},"featured_media":8047,"template":"","meta":[],"product_cat":[42],"product_tag":[],"acf":[],"_links":{"self":[{"href":"https:\/\/ladycosmetics.cl\/index.php\/wp-json\/wp\/v2\/product\/7982"}],"collection":[{"href":"https:\/\/ladycosmetics.cl\/index.php\/wp-json\/wp\/v2\/product"}],"about":[{"href":"https:\/\/ladycosmetics.cl\/index.php\/wp-json\/wp\/v2\/types\/product"}],"wp:featuredmedia":[{"embeddable":true,"href":"https:\/\/ladycosmetics.cl\/index.php\/wp-json\/wp\/v2\/media\/8047"}],"wp:attachment":[{"href":"https:\/\/ladycosmetics.cl\/index.php\/wp-json\/wp\/v2\/media?parent=7982"}],"wp:term":[{"taxonomy":"product_cat","embeddable":true,"href":"https:\/\/ladycosmetics.cl\/index.php\/wp-json\/wp\/v2\/product_cat?post=7982"},{"taxonomy":"product_tag","embeddable":true,"href":"https:\/\/ladycosmetics.cl\/index.php\/wp-json\/wp\/v2\/product_tag?post=7982"}],"curies":[{"name":"wp","href":"https:\/\/api.w.org\/{rel}","templated":true}]}}