{"id":10005,"date":"2025-05-14T05:27:54","date_gmt":"2025-05-14T05:27:54","guid":{"rendered":"https:\/\/ladycosmetics.cl\/?post_type=product&#038;p=10005"},"modified":"2025-05-14T05:27:55","modified_gmt":"2025-05-14T05:27:55","slug":"exfoliante-de-coco-dulce-misuka-220-ml","status":"publish","type":"product","link":"https:\/\/ladycosmetics.cl\/index.php\/producto\/exfoliante-de-coco-dulce-misuka-220-ml\/","title":{"rendered":"EXFOLIANTE DE COCO DULCE. MISUKA 220 ML."},"content":{"rendered":"<p>El Misucka Whipped Body Scrub es un exfoliante corporal batido que elimina suavemente las c\u00e9lulas muertas de la piel. Puedes ocuparlo en Cuerpo, manos o pies.<br \/>\nContiene part\u00edculas exfoliantes que ayudan a mejorar la textura de la piel, dej\u00e1ndola suave y tersa.<br \/>\nHidrata y nutre la piel.<br \/>\nMejora la textura de la piel.<br \/>\nPuede ayudar a mejorar la circulaci\u00f3n sangu\u00ednea.<br \/>\nProporciona un aroma agradable y duradero.<\/p>\n","protected":false},"excerpt":{"rendered":"<p>El Misucka Whipped Body Scrub es un exfoliante corporal batido que elimina suavemente las c\u00e9lulas muertas de la piel. Puedes ocuparlo en Cuerpo, manos o pies. Contiene part\u00edculas exfoliantes que ayudan a mejorar la textura de la piel, dej\u00e1ndola suave y tersa. Hidrata y nutre la piel. Mejora la textura de la piel. Puede ayudar&#8230;<\/p>\n","protected":false},"featured_media":10006,"template":"","meta":[],"product_cat":[42,63],"product_tag":[],"acf":[],"_links":{"self":[{"href":"https:\/\/ladycosmetics.cl\/index.php\/wp-json\/wp\/v2\/product\/10005"}],"collection":[{"href":"https:\/\/ladycosmetics.cl\/index.php\/wp-json\/wp\/v2\/product"}],"about":[{"href":"https:\/\/ladycosmetics.cl\/index.php\/wp-json\/wp\/v2\/types\/product"}],"wp:featuredmedia":[{"embeddable":true,"href":"https:\/\/ladycosmetics.cl\/index.php\/wp-json\/wp\/v2\/media\/10006"}],"wp:attachment":[{"href":"https:\/\/ladycosmetics.cl\/index.php\/wp-json\/wp\/v2\/media?parent=10005"}],"wp:term":[{"taxonomy":"product_cat","embeddable":true,"href":"https:\/\/ladycosmetics.cl\/index.php\/wp-json\/wp\/v2\/product_cat?post=10005"},{"taxonomy":"product_tag","embeddable":true,"href":"https:\/\/ladycosmetics.cl\/index.php\/wp-json\/wp\/v2\/product_tag?post=10005"}],"curies":[{"name":"wp","href":"https:\/\/api.w.org\/{rel}","templated":true}]}}